{"id":5297,"date":"2022-05-16T11:57:49","date_gmt":"2022-05-16T11:57:49","guid":{"rendered":"https:\/\/srlence.com\/aviso-legal\/"},"modified":"2022-05-30T17:43:52","modified_gmt":"2022-05-30T17:43:52","slug":"aviso-legal","status":"publish","type":"page","link":"https:\/\/srlence.com\/gl\/aviso-legal\/","title":{"rendered":"Aviso Legal"},"content":{"rendered":"\t\t<div data-elementor-type=\"wp-page\" data-elementor-id=\"5297\" class=\"elementor elementor-5297 elementor-5285\" data-elementor-post-type=\"page\">\n\t\t\t\t\t\t<section data-particle_enable=\"false\" data-particle-mobile-disabled=\"false\" class=\"elementor-section elementor-top-section elementor-element elementor-element-ff33d7c elementor-section-full_width elementor-section-stretched elementor-section-height-default elementor-section-height-default\" data-id=\"ff33d7c\" data-element_type=\"section\" data-e-type=\"section\" data-settings=\"{&quot;stretch_section&quot;:&quot;section-stretched&quot;,&quot;background_background&quot;:&quot;gradient&quot;}\">\n\t\t\t\t\t\t<div class=\"elementor-container elementor-column-gap-default\">\n\t\t\t\t\t<div class=\"elementor-column elementor-col-100 elementor-top-column elementor-element elementor-element-4036af4 elementor-invisible\" data-id=\"4036af4\" data-element_type=\"column\" data-e-type=\"column\" data-settings=\"{&quot;animation&quot;:&quot;fadeIn&quot;,&quot;animation_delay&quot;:0}\">\n\t\t\t<div class=\"elementor-widget-wrap elementor-element-populated\">\n\t\t\t\t\t\t<div class=\"elementor-element elementor-element-5d312f0 elementor-widget elementor-widget-spacer\" data-id=\"5d312f0\" data-element_type=\"widget\" data-e-type=\"widget\" data-widget_type=\"spacer.default\">\n\t\t\t\t<div class=\"elementor-widget-container\">\n\t\t\t\t\t\t\t<div class=\"elementor-spacer\">\n\t\t\t<div class=\"elementor-spacer-inner\"><\/div>\n\t\t<\/div>\n\t\t\t\t\t\t<\/div>\n\t\t\t\t<\/div>\n\t\t\t\t<section data-particle_enable=\"false\" data-particle-mobile-disabled=\"false\" class=\"elementor-section elementor-inner-section elementor-element elementor-element-c02fc0e elementor-section-boxed elementor-section-height-default elementor-section-height-default\" data-id=\"c02fc0e\" data-element_type=\"section\" data-e-type=\"section\">\n\t\t\t\t\t\t<div class=\"elementor-container elementor-column-gap-default\">\n\t\t\t\t\t<div class=\"elementor-column elementor-col-100 elementor-inner-column elementor-element elementor-element-e0c131b\" data-id=\"e0c131b\" data-element_type=\"column\" data-e-type=\"column\">\n\t\t\t<div class=\"elementor-widget-wrap elementor-element-populated\">\n\t\t\t\t\t\t<div class=\"elementor-element elementor-element-b08efa6 elementor-invisible elementor-widget elementor-widget-heading\" data-id=\"b08efa6\" data-element_type=\"widget\" data-e-type=\"widget\" data-settings=\"{&quot;_animation&quot;:&quot;bounceIn&quot;}\" data-widget_type=\"heading.default\">\n\t\t\t\t<div class=\"elementor-widget-container\">\n\t\t\t\t\t<h2 class=\"elementor-heading-title elementor-size-default\">AVISO LEGAL<\/h2>\t\t\t\t<\/div>\n\t\t\t\t<\/div>\n\t\t\t\t<div class=\"elementor-element elementor-element-b424ccf elementor-widget elementor-widget-text-editor\" data-id=\"b424ccf\" data-element_type=\"widget\" data-e-type=\"widget\" data-widget_type=\"text-editor.default\">\n\t\t\t\t<div class=\"elementor-widget-container\">\n\t\t\t\t\t\t\t\t\t<p style=\"text-align: justify;\"><strong>DATOS IDENTIFICATIVOS<br><\/strong><\/p><p style=\"text-align: justify;\">No cumprimento co deber de informaci\u00f3n recollida no artigo 10 da Lei 34\/2022, do 11 de xullo, de Servizos da Sociedade da informaci\u00f3n e de Comercio Electr\u00f3nico, a continuaci\u00f3n, refl\u00edctense os seguintes datos:<\/p><p style=\"text-align: justify;\">XOS\u00c9 ROI S\u00d3\u00d1ARA PITA en diante SE\u00d1OR LENCE<br>NIF: 32692931H<br><a href=\"mailto:info@srlence.com\">info@srlence.com<\/a><\/p><p style=\"text-align: justify;\"><strong>USUARIOS<br><\/strong><\/p><p style=\"text-align: justify;\">Toda persoa que acceda, navegue ou utilice o sitio web entenderase como usuario. O acceso, navegaci\u00f3n e\/ou uso do sitio web de SE\u00d1OR LENCE implica para o usuario a aceptaci\u00f3n destas condici\u00f3ns xerais. Por tanto, o usuario debe ler atentamente estas condici\u00f3ns xerais.<\/p><p><strong>CONDICI\u00d3NS XERAIS<br><\/strong><\/p><p style=\"text-align: justify;\">SE\u00d1OR LENCE informa que o acceso e uso da p\u00e1xina web <a href=\"https:\/\/srlence.com\/gl\/\" target=\"_blank\" rel=\"noopener\">www.srlence.com<\/a> est\u00e1n suxeitos aos termos que se detallan neste Aviso Legal, sen prexu\u00edzo de que o acceso a alg\u00fan dos devanditos servizos ou contidos puidese precisar da aceptaci\u00f3n dunhas condici\u00f3ns Xerais adicionais.<\/p><p style=\"text-align: justify;\">Mediante ao acceso a este portal web o usuario acepta expresamente todas as condici\u00f3ns expostas no presente aviso legal, polo que ao utilizar esta p\u00e1xina web, vostede consente quedar vinculado por estas condici\u00f3ns, pola nosa Pol\u00edtica de Privacidade e Cookies, polo que, se non est\u00e1 vostede de acordo con todas as condici\u00f3ns expostas no noso Aviso Legal, Pol\u00edtica de Privacidade e Cookies, non debe usar esta p\u00e1xina web.<\/p><p style=\"text-align: justify;\">SE\u00d1OR LENCE res\u00e9rvase o dereito de efectuar, sen aviso previo\/previo aviso, as modificaci\u00f3ns que considere oportunas no seu portal, podendo cambiar, suprimir, engadir ou actualizar a informaci\u00f3n contida na s\u00faa web ou na configuraci\u00f3n e presentaci\u00f3n desta.<\/p><p style=\"text-align: justify;\">Recomend\u00e1moslle comprobar a vixencia e exactitude dos contidos do presente aviso legal, debido a que pode ser modificado, co fin de manter actualizada a informaci\u00f3n publicada no portal.<\/p><p><strong>PROTECCI\u00d3N DE DATOS PERSOAIS<\/strong><\/p><p style=\"text-align: justify;\">SE\u00d1OR LENCE en cumprimento da lexislaci\u00f3n aplicable informa o usuario que os datos persoais que se lle poidan requirir como consecuencia do rexistro e utilizaci\u00f3n dos servizos ofrecidos polo sitio web ser\u00e1n obxecto de tratamento automatizado coa finalidade de garantir a protecci\u00f3n dos datos persoais e realizar a xesti\u00f3n, administraci\u00f3n, prestaci\u00f3n, ampliaci\u00f3n e mellora das s\u00faas actividades para ofrecerlle un servizo m\u00e1is personalizado e eficaz.<\/p><p style=\"text-align: justify;\">Deber\u00e1 acceder \u00e1 Pol\u00edtica de Privacidade de SE\u00d1OR LENCE na seguinte ligaz\u00f3n: <a href=\"https:\/\/srlence.com\/gl\/politica-de-proteccion-de-datos\/\">Pol\u00edtica de Privacidade<\/a>, para obter informaci\u00f3n sobre o tratamento dos seus datos de car\u00e1cter persoal.<\/p>\t\t\t\t\t\t\t\t<\/div>\n\t\t\t\t<\/div>\n\t\t\t\t\t<\/div>\n\t\t<\/div>\n\t\t\t\t\t<\/div>\n\t\t<\/section>\n\t\t\t\t\t<\/div>\n\t\t<\/div>\n\t\t\t\t\t<\/div>\n\t\t<\/section>\n\t\t\t\t<section data-particle_enable=\"false\" data-particle-mobile-disabled=\"false\" class=\"elementor-section elementor-top-section elementor-element elementor-element-bf8a016 elementor-section-stretched elementor-section-boxed elementor-section-height-default elementor-section-height-default\" data-id=\"bf8a016\" data-element_type=\"section\" data-e-type=\"section\" data-settings=\"{&quot;background_background&quot;:&quot;classic&quot;,&quot;stretch_section&quot;:&quot;section-stretched&quot;,&quot;shape_divider_top&quot;:&quot;triangle-asymmetrical&quot;,&quot;shape_divider_top_negative&quot;:&quot;yes&quot;,&quot;animation&quot;:&quot;none&quot;}\">\n\t\t\t\t\t<div class=\"elementor-shape elementor-shape-top\" aria-hidden=\"true\" data-negative=\"true\">\n\t\t\t<svg xmlns=\"http:\/\/www.w3.org\/2000\/svg\" viewBox=\"0 0 1000 100\" preserveAspectRatio=\"none\">\n\t<path class=\"elementor-shape-fill\" d=\"M737.9,94.7L0,0v100h1000V0L737.9,94.7z\"\/>\n<\/svg>\t\t<\/div>\n\t\t\t\t\t<div class=\"elementor-container elementor-column-gap-default\">\n\t\t\t\t\t<div class=\"elementor-column elementor-col-100 elementor-top-column elementor-element elementor-element-1ac8624\" data-id=\"1ac8624\" data-element_type=\"column\" data-e-type=\"column\" data-settings=\"{&quot;animation&quot;:&quot;none&quot;}\">\n\t\t\t<div class=\"elementor-widget-wrap elementor-element-populated\">\n\t\t\t\t\t\t<section data-particle_enable=\"false\" data-particle-mobile-disabled=\"false\" class=\"elementor-section elementor-inner-section elementor-element elementor-element-f030ad8 elementor-section-boxed elementor-section-height-default elementor-section-height-default\" data-id=\"f030ad8\" data-element_type=\"section\" data-e-type=\"section\">\n\t\t\t\t\t\t<div class=\"elementor-container elementor-column-gap-default\">\n\t\t\t\t\t<div class=\"elementor-column elementor-col-100 elementor-inner-column elementor-element elementor-element-aa5f914\" data-id=\"aa5f914\" data-element_type=\"column\" data-e-type=\"column\">\n\t\t\t<div class=\"elementor-widget-wrap elementor-element-populated\">\n\t\t\t\t\t\t<div class=\"elementor-element elementor-element-73aaa90 elementor-widget elementor-widget-text-editor\" data-id=\"73aaa90\" data-element_type=\"widget\" data-e-type=\"widget\" data-widget_type=\"text-editor.default\">\n\t\t\t\t<div class=\"elementor-widget-container\">\n\t\t\t\t\t\t\t\t\t<p style=\"text-align: left;\"><strong>PROPIEDADE INTELECTUAL E INDUSTRIAL<\/strong><\/p><p style=\"text-align: justify;\">Os dereitos de propiedade intelectual e industrial dos contidos da s\u00faa p\u00e1xina web, as\u00ed como de calquera imaxe, son, audio, v\u00eddeo, software, textos, marcas ou logotipos, etc. est\u00e1n protexidos polos correspondentes dereitos de propiedade intelectual e industrial. Queda prohibida a s\u00faa reproduci\u00f3n, comunicaci\u00f3n p\u00fablica e distribuci\u00f3n de calquera contido desta p\u00e1xina web, sen autorizaci\u00f3n previa e expresa do SE\u00d1OR LENCE.<\/p><p style=\"text-align: justify;\">Si se autoriza ao uso do contido da p\u00e1xina web como uso persoal e privado. Calquera outro uso deber\u00e1 ser comunicado e autorizado por SE\u00d1OR LENCE previa e expresamente.<\/p><p style=\"text-align: left;\"><strong>LIMITACI\u00d3N DE RESPONSABILIDADE<\/strong><\/p><p style=\"text-align: justify;\">SE\u00d1OR LENCE fai o posible por ofrecer informaci\u00f3n veraz e sen erros no seu sitio web. No caso que nalg\u00fan momento produc\u00edsese alg\u00fan erro deste tipo, alleo sempre \u00e1 s\u00faa vontade, SE\u00d1OR LENCE proceder\u00eda inmediatamente \u00e1 s\u00faa correcci\u00f3n.<\/p><p style=\"text-align: justify;\">SE\u00d1OR LENCE non se fai responsable en ning\u00fan caso, dos danos e prexu\u00edzos de calquera natureza que puidese derivarse do uso da informaci\u00f3n que cont\u00e9n o seu sitio web.<\/p><p style=\"text-align: justify;\">SE\u00d1OR LENCE non garante a dispo\u00f1ibilidade permanente de acceso \u00e1 p\u00e1xina web ou aos servizos que esta ofrece polo que queda especialmente eximida de responsabilidade por deficiencias de servizo imputables ao centro servidor ou \u00e1s redes de conexi\u00f3n e polos danos que calquera virus inform\u00e1tico ou programa malicioso puidese causar. No obstante, SE\u00d1OR LENCE trabaja y pone su esfuerzo en proteger su sistema y aplica herramientas est\u00e1ndares de seguridad para dichos fines.<\/p><p style=\"text-align: left;\"><strong>LIGAZ\u00d3NS<\/strong><\/p><p style=\"text-align: justify;\">No caso de que no sitio web dispux\u00e9sense ligaz\u00f3ns ou hiperv\u00ednculos a outros sitios da internet, SE\u00d1OR LENCE non exercer\u00e1 ning\u00fan tipo de control sobre os devanditos sitios e contidos. En ning\u00fan caso SE\u00d1OR LENCE asumir\u00e1 responsabilidade algunha polos contidos dalgunha ligaz\u00f3n pertencente a un sitio web alleo, nin garantir\u00e1 a dispo\u00f1ibilidade t\u00e9cnica, calidade, fiabilidade, exactitude, amplitude, veracidade, validez e constitucionalidade de calquera material ou informaci\u00f3n contida en ning\u00fan de devanditos hiperv\u00ednculos ou outros sitios da internet. Igualmente, a inclusi\u00f3n destas conexi\u00f3ns externas non implicar\u00e1 ning\u00fan tipo de asociaci\u00f3n, fusi\u00f3n ou participaci\u00f3n coas entidades conectadas. Sin perjuicio de lo anterior, algunos enlaces estar\u00e1n previamente negociados o consensuados con el responsable del contenido enlazado, de forma que se genere una contraprestaci\u00f3n por las acciones realizadas libremente por el usuario. Esta situaci\u00f3n non afectar\u00e1 en ning\u00fan caso \u00e1 exclusi\u00f3n de responsabilidade sobre o contido enlazado nin \u00e1 independencia deste medio de comunicaci\u00f3n.<\/p><p style=\"text-align: left;\"><strong>DEREITO DE EXCLUSI\u00d3N<\/strong><\/p><p style=\"text-align: justify;\">SE\u00d1OR LENCE res\u00e9rvase o dereito para denegar ou retirar o acceso ao seu sitio web e\/ou servizos ofrecidos sen necesidade de aviso previo\/previo aviso, a aqueles usuarios que incumpra as presentes condici\u00f3ns xerais.<\/p><p style=\"text-align: left;\"><strong>NORMATIVA LEGAL E XURISDICI\u00d3N APLICABLE<\/strong><\/p><p style=\"text-align: justify;\">A propiedade intelectual e os presentes termos de uso desta web, as\u00ed como o resto do contido da mesma, realiz\u00e1ronse respectando en todo momento a lexislaci\u00f3n que lle resulta aplicable, en especial, a Lei de Servizos da Sociedade de Informaci\u00f3n e Comercio Electr\u00f3nico ( LSSICE), a Lei Org\u00e1nica de Protecci\u00f3n de Datos Persoais e garant\u00eda dos dereitos dixitais ( LOPDGDD), Regulamento Xeral de Protecci\u00f3n de Datos (UE) 2016\/679 e Lei Xeral para a Defensa dos Consumidores e Usuarios.<\/p>\t\t\t\t\t\t\t\t<\/div>\n\t\t\t\t<\/div>\n\t\t\t\t\t<\/div>\n\t\t<\/div>\n\t\t\t\t\t<\/div>\n\t\t<\/section>\n\t\t\t\t<div class=\"elementor-element elementor-element-2dc22df elementor-widget elementor-widget-spacer\" data-id=\"2dc22df\" data-element_type=\"widget\" data-e-type=\"widget\" data-widget_type=\"spacer.default\">\n\t\t\t\t<div class=\"elementor-widget-container\">\n\t\t\t\t\t\t\t<div class=\"elementor-spacer\">\n\t\t\t<div class=\"elementor-spacer-inner\"><\/div>\n\t\t<\/div>\n\t\t\t\t\t\t<\/div>\n\t\t\t\t<\/div>\n\t\t\t\t\t<\/div>\n\t\t<\/div>\n\t\t\t\t\t<\/div>\n\t\t<\/section>\n\t\t\t\t<\/div>\n\t\t","protected":false},"excerpt":{"rendered":"<p>AVISO LEGAL DATOS IDENTIFICATIVOS No cumprimento co deber de informaci\u00f3n recollida no artigo 10 da Lei 34\/2022, do 11 de&#8230;<\/p>\n","protected":false},"author":1,"featured_media":0,"parent":0,"menu_order":0,"comment_status":"closed","ping_status":"closed","template":"","meta":{"_acf_changed":false,"inline_featured_image":false,"_joinchat":[],"footnotes":""},"class_list":["post-5297","page","type-page","status-publish","hentry"],"acf":[],"_links":{"self":[{"href":"https:\/\/srlence.com\/gl\/wp-json\/wp\/v2\/pages\/5297","targetHints":{"allow":["GET"]}}],"collection":[{"href":"https:\/\/srlence.com\/gl\/wp-json\/wp\/v2\/pages"}],"about":[{"href":"https:\/\/srlence.com\/gl\/wp-json\/wp\/v2\/types\/page"}],"author":[{"embeddable":true,"href":"https:\/\/srlence.com\/gl\/wp-json\/wp\/v2\/users\/1"}],"replies":[{"embeddable":true,"href":"https:\/\/srlence.com\/gl\/wp-json\/wp\/v2\/comments?post=5297"}],"version-history":[{"count":7,"href":"https:\/\/srlence.com\/gl\/wp-json\/wp\/v2\/pages\/5297\/revisions"}],"predecessor-version":[{"id":5679,"href":"https:\/\/srlence.com\/gl\/wp-json\/wp\/v2\/pages\/5297\/revisions\/5679"}],"wp:attachment":[{"href":"https:\/\/srlence.com\/gl\/wp-json\/wp\/v2\/media?parent=5297"}],"curies":[{"name":"wp","href":"https:\/\/api.w.org\/{rel}","templated":true}]}}