{"id":5322,"date":"2022-05-16T12:57:14","date_gmt":"2022-05-16T12:57:14","guid":{"rendered":"https:\/\/srlence.com\/politica-de-proteccion-de-datos\/"},"modified":"2022-05-30T08:01:59","modified_gmt":"2022-05-30T08:01:59","slug":"politica-de-proteccion-de-datos","status":"publish","type":"page","link":"https:\/\/srlence.com\/gl\/politica-de-proteccion-de-datos\/","title":{"rendered":"Pol\u00edtica de protecci\u00f3n de datos"},"content":{"rendered":"\t\t<div data-elementor-type=\"wp-page\" data-elementor-id=\"5322\" class=\"elementor elementor-5322 elementor-3\" data-elementor-post-type=\"page\">\n\t\t\t\t\t\t<section data-particle_enable=\"false\" data-particle-mobile-disabled=\"false\" class=\"elementor-section elementor-top-section elementor-element elementor-element-554f9c7 elementor-section-full_width elementor-section-stretched elementor-section-height-default elementor-section-height-default\" data-id=\"554f9c7\" data-element_type=\"section\" data-e-type=\"section\" data-settings=\"{&quot;stretch_section&quot;:&quot;section-stretched&quot;,&quot;background_background&quot;:&quot;gradient&quot;}\">\n\t\t\t\t\t\t<div class=\"elementor-container elementor-column-gap-default\">\n\t\t\t\t\t<div class=\"elementor-column elementor-col-100 elementor-top-column elementor-element elementor-element-ffb9915 elementor-invisible\" data-id=\"ffb9915\" data-element_type=\"column\" data-e-type=\"column\" data-settings=\"{&quot;animation&quot;:&quot;fadeIn&quot;,&quot;animation_delay&quot;:0}\">\n\t\t\t<div class=\"elementor-widget-wrap elementor-element-populated\">\n\t\t\t\t\t\t<div class=\"elementor-element elementor-element-fc8af47 elementor-widget elementor-widget-spacer\" data-id=\"fc8af47\" data-element_type=\"widget\" data-e-type=\"widget\" data-widget_type=\"spacer.default\">\n\t\t\t\t<div class=\"elementor-widget-container\">\n\t\t\t\t\t\t\t<div class=\"elementor-spacer\">\n\t\t\t<div class=\"elementor-spacer-inner\"><\/div>\n\t\t<\/div>\n\t\t\t\t\t\t<\/div>\n\t\t\t\t<\/div>\n\t\t\t\t<section data-particle_enable=\"false\" data-particle-mobile-disabled=\"false\" class=\"elementor-section elementor-inner-section elementor-element elementor-element-609ad02 elementor-section-boxed elementor-section-height-default elementor-section-height-default\" data-id=\"609ad02\" data-element_type=\"section\" data-e-type=\"section\">\n\t\t\t\t\t\t<div class=\"elementor-container elementor-column-gap-default\">\n\t\t\t\t\t<div class=\"elementor-column elementor-col-100 elementor-inner-column elementor-element elementor-element-f32e6e3\" data-id=\"f32e6e3\" data-element_type=\"column\" data-e-type=\"column\">\n\t\t\t<div class=\"elementor-widget-wrap elementor-element-populated\">\n\t\t\t\t\t\t<div class=\"elementor-element elementor-element-6536dd0 elementor-invisible elementor-widget elementor-widget-heading\" data-id=\"6536dd0\" data-element_type=\"widget\" data-e-type=\"widget\" data-settings=\"{&quot;_animation&quot;:&quot;bounceIn&quot;}\" data-widget_type=\"heading.default\">\n\t\t\t\t<div class=\"elementor-widget-container\">\n\t\t\t\t\t<h2 class=\"elementor-heading-title elementor-size-default\">POL\u00cdTICA DE PROTECCI\u00d3N DE DATOS<\/h2>\t\t\t\t<\/div>\n\t\t\t\t<\/div>\n\t\t\t\t<div class=\"elementor-element elementor-element-c2f8a98 elementor-widget elementor-widget-text-editor\" data-id=\"c2f8a98\" data-element_type=\"widget\" data-e-type=\"widget\" data-widget_type=\"text-editor.default\">\n\t\t\t\t<div class=\"elementor-widget-container\">\n\t\t\t\t\t\t\t\t\t<p style=\"text-align: justify;\">De acordo coa normativa de Protecci\u00f3n de Datos de Car\u00e1cter Persoal, procedemos a informarlle do tratamento de datos persoais que realizamos dos nosos usuarios da presente p\u00e1xina web.<\/p>\n<p style=\"text-align: left;\"><strong>Responsable de tratamento dos datos<\/strong><\/p>\n<p style=\"padding-left: 40px; text-align: left;\">XOS\u00c9 ROI S\u00d3\u00d1ARA PITA en diante SE\u00d1OR LENCE<br>NIF: 32692931H<br><a href=\"mailto:info@srlence.com\">info@srlence.com<\/a><\/p>\n<p style=\"text-align: justify;\"><strong>Finalidade do tratamento e lexitimaci\u00f3n<\/strong><br><\/p>\n<p style=\"text-align: justify;\">Os datos recompilados ser\u00e1n unicamente os detallados no formulario de contacto, as\u00ed como aqueles vostede mesmo facil\u00edtenos nos apartado \u201cComentarios\u201d.<\/p>\n<p style=\"text-align: justify;\">SE\u00d1OR LENCE, tratar\u00e1 unicamente os datos estritamente necesarios para xestionar a s\u00faa petici\u00f3n. de acordo coas seguintes finalidades:<\/p>\n<ul>\n<li style=\"text-align: justify;\">Xestionar a s\u00faa navegaci\u00f3n a trav\u00e9s do Sitio web.<\/li>\n<li style=\"text-align: justify;\">Xestionar o seu servizo de Atenci\u00f3n ao Cliente, para dar resposta \u00e1s d\u00fabidas, queixas, comentarios ou inquietudes que poida ter relativas \u00e1 informaci\u00f3n inclu\u00edda no Sitio web, as\u00ed como calquera outras consultas que poida ter.<\/li>\n<li style=\"text-align: justify;\">Xestionar o cumprimento, mantemento e desenvolvemento e control calquera relacionados que a entidade mante\u00f1a con vostede.<\/li>\n<\/ul>\t\t\t\t\t\t\t\t<\/div>\n\t\t\t\t<\/div>\n\t\t\t\t\t<\/div>\n\t\t<\/div>\n\t\t\t\t\t<\/div>\n\t\t<\/section>\n\t\t\t\t\t<\/div>\n\t\t<\/div>\n\t\t\t\t\t<\/div>\n\t\t<\/section>\n\t\t\t\t<section data-particle_enable=\"false\" data-particle-mobile-disabled=\"false\" class=\"elementor-section elementor-top-section elementor-element elementor-element-ab4c934 elementor-section-stretched elementor-section-boxed elementor-section-height-default elementor-section-height-default\" data-id=\"ab4c934\" data-element_type=\"section\" data-e-type=\"section\" data-settings=\"{&quot;background_background&quot;:&quot;classic&quot;,&quot;stretch_section&quot;:&quot;section-stretched&quot;,&quot;shape_divider_top&quot;:&quot;triangle-asymmetrical&quot;,&quot;shape_divider_top_negative&quot;:&quot;yes&quot;,&quot;animation&quot;:&quot;none&quot;}\">\n\t\t\t\t\t<div class=\"elementor-shape elementor-shape-top\" aria-hidden=\"true\" data-negative=\"true\">\n\t\t\t<svg xmlns=\"http:\/\/www.w3.org\/2000\/svg\" viewBox=\"0 0 1000 100\" preserveAspectRatio=\"none\">\n\t<path class=\"elementor-shape-fill\" d=\"M737.9,94.7L0,0v100h1000V0L737.9,94.7z\"\/>\n<\/svg>\t\t<\/div>\n\t\t\t\t\t<div class=\"elementor-container elementor-column-gap-default\">\n\t\t\t\t\t<div class=\"elementor-column elementor-col-100 elementor-top-column elementor-element elementor-element-fd27187\" data-id=\"fd27187\" data-element_type=\"column\" data-e-type=\"column\" data-settings=\"{&quot;animation&quot;:&quot;none&quot;}\">\n\t\t\t<div class=\"elementor-widget-wrap elementor-element-populated\">\n\t\t\t\t\t\t<section data-particle_enable=\"false\" data-particle-mobile-disabled=\"false\" class=\"elementor-section elementor-inner-section elementor-element elementor-element-386b4cf elementor-section-boxed elementor-section-height-default elementor-section-height-default\" data-id=\"386b4cf\" data-element_type=\"section\" data-e-type=\"section\">\n\t\t\t\t\t\t<div class=\"elementor-container elementor-column-gap-default\">\n\t\t\t\t\t<div class=\"elementor-column elementor-col-100 elementor-inner-column elementor-element elementor-element-d9fb4ce\" data-id=\"d9fb4ce\" data-element_type=\"column\" data-e-type=\"column\">\n\t\t\t<div class=\"elementor-widget-wrap elementor-element-populated\">\n\t\t\t\t\t\t<div class=\"elementor-element elementor-element-90bd592 elementor-widget elementor-widget-text-editor\" data-id=\"90bd592\" data-element_type=\"widget\" data-e-type=\"widget\" data-widget_type=\"text-editor.default\">\n\t\t\t\t<div class=\"elementor-widget-container\">\n\t\t\t\t\t\t\t\t\t<p style=\"text-align: justify;\">En caso de reclamaci\u00f3ns relacionadas cos nosos servizos, a lexitimaci\u00f3n \u00e9 o cumprimento de obrigaci\u00f3ns legais pola nosa banda.<\/p><p style=\"text-align: justify;\"><strong>Prazo de conservaci\u00f3n:<\/strong>o tempo necesario para dar resposta \u00e1 s\u00faa solicitude e en calquera caso, ata que transcorra o prazo de prescrici\u00f3n de posibles acci\u00f3ns de responsabilidade derivadas do tratamento.<\/p><p><strong>Destinatarios de cesi\u00f3ns<\/strong><br>SE\u00d1OR LENCE non ceder\u00e1 os seus datos a terceiros, salvo para dar cumprimento a unha obrigaci\u00f3n legal.<\/p><p style=\"text-align: justify;\"><strong>Pol\u00edtica de cookies<\/strong><br>Para revisar o tratamento de satos relativo \u00e1s cookies, pode consultar a pol\u00edtica de cookies dispo\u00f1ible nesta mesma p\u00e1xina web.<\/p><p style=\"text-align: justify;\">Poder\u00e1 configurar as s\u00faas preferencias respecto ao uso de cookies no propio aviso de configuraci\u00f3n de cookies.<\/p><p><strong>Dereitos<\/strong><br>Por \u00faltimo, inform\u00e1moslle dos seus dereitos en materia de protecci\u00f3n de datos.<\/p><ul><li>Dereito a solicitar o acceso aos seus datos persoais.<\/li><li>Dereito a solicitar a s\u00faa rectificaci\u00f3n ou supresi\u00f3n.<\/li><li>Dereito a solicitar a limitaci\u00f3n do seu tratamento, e a opo\u00f1erse ao tratamento..<\/li><li>Dereito \u00e1 portabilidade dos datos.<\/li><li>Dereito \u00e1 retirada do seu consentimento.<\/li><\/ul><p>Pode enviar a s\u00faa solicitude a trav\u00e9s da conta de correo electr\u00f3nico <a href=\"mailto:info@srlence.com\">info@srlence.com<\/a><\/p><p style=\"text-align: justify;\">Se considera que non atendemos correctamente os seus dereitos, poder\u00e1 formular unha reclamaci\u00f3n #ante a Axencia Espa\u00f1ola de Protecci\u00f3n de Datos, a trav\u00e9s das seguintes v\u00edas:<\/p><ul><li>Sede electr\u00f3nica: www.aepd.es<\/li><li>Correo postal: C\/ Jorge Juan N.\u00ba 6 \u2013 28001 \u2013 Madrid (Madrid)<\/li><li>Tel\u00e9fono: 901 100 099 \u2013 91 266 35 17<\/li><\/ul><p><strong>Medidas de Seguridade<\/strong><\/p><p style=\"text-align: justify;\">SE\u00d1OR LENCE ten implantadas as medidas t\u00e9cnicas e organizativas necesarias para garantir a seguridade dos seus datos de car\u00e1cter persoal e evitar a s\u00faa alteraci\u00f3n, a perda e o tratamento e\/ou o acceso non autorizado, @teniendo en cuenta o estado da tecnolox\u00eda, a natureza dos datos almacenados e os riscos provenientes da acci\u00f3n humana ou do medio f\u00edsico e natural a que est\u00e1n expostas.<\/p>\t\t\t\t\t\t\t\t<\/div>\n\t\t\t\t<\/div>\n\t\t\t\t\t<\/div>\n\t\t<\/div>\n\t\t\t\t\t<\/div>\n\t\t<\/section>\n\t\t\t\t<div class=\"elementor-element elementor-element-dedff24 elementor-widget elementor-widget-spacer\" data-id=\"dedff24\" data-element_type=\"widget\" data-e-type=\"widget\" data-widget_type=\"spacer.default\">\n\t\t\t\t<div class=\"elementor-widget-container\">\n\t\t\t\t\t\t\t<div class=\"elementor-spacer\">\n\t\t\t<div class=\"elementor-spacer-inner\"><\/div>\n\t\t<\/div>\n\t\t\t\t\t\t<\/div>\n\t\t\t\t<\/div>\n\t\t\t\t\t<\/div>\n\t\t<\/div>\n\t\t\t\t\t<\/div>\n\t\t<\/section>\n\t\t\t\t<\/div>\n\t\t","protected":false},"excerpt":{"rendered":"<p>POL\u00cdTICA DE PROTECCI\u00d3N DE DATOS De acordo coa normativa de Protecci\u00f3n de Datos de Car\u00e1cter Persoal, procedemos a informarlle do&#8230;<\/p>\n","protected":false},"author":1,"featured_media":0,"parent":0,"menu_order":0,"comment_status":"closed","ping_status":"closed","template":"","meta":{"_acf_changed":false,"inline_featured_image":false,"_joinchat":[],"footnotes":""},"class_list":["post-5322","page","type-page","status-publish","hentry"],"acf":[],"_links":{"self":[{"href":"https:\/\/srlence.com\/gl\/wp-json\/wp\/v2\/pages\/5322","targetHints":{"allow":["GET"]}}],"collection":[{"href":"https:\/\/srlence.com\/gl\/wp-json\/wp\/v2\/pages"}],"about":[{"href":"https:\/\/srlence.com\/gl\/wp-json\/wp\/v2\/types\/page"}],"author":[{"embeddable":true,"href":"https:\/\/srlence.com\/gl\/wp-json\/wp\/v2\/users\/1"}],"replies":[{"embeddable":true,"href":"https:\/\/srlence.com\/gl\/wp-json\/wp\/v2\/comments?post=5322"}],"version-history":[{"count":3,"href":"https:\/\/srlence.com\/gl\/wp-json\/wp\/v2\/pages\/5322\/revisions"}],"predecessor-version":[{"id":5666,"href":"https:\/\/srlence.com\/gl\/wp-json\/wp\/v2\/pages\/5322\/revisions\/5666"}],"wp:attachment":[{"href":"https:\/\/srlence.com\/gl\/wp-json\/wp\/v2\/media?parent=5322"}],"curies":[{"name":"wp","href":"https:\/\/api.w.org\/{rel}","templated":true}]}}