{"id":5687,"date":"2022-05-30T18:31:38","date_gmt":"2022-05-30T18:31:38","guid":{"rendered":"https:\/\/srlence.com\/politica-de-cookies\/"},"modified":"2022-05-30T18:31:39","modified_gmt":"2022-05-30T18:31:39","slug":"politica-de-cookies","status":"publish","type":"page","link":"https:\/\/srlence.com\/gl\/politica-de-cookies\/","title":{"rendered":"Pol\u00edtica de Cookies"},"content":{"rendered":"\t\t<div data-elementor-type=\"wp-page\" data-elementor-id=\"5687\" class=\"elementor elementor-5687 elementor-5680\" data-elementor-post-type=\"page\">\n\t\t\t\t\t\t<section data-particle_enable=\"false\" data-particle-mobile-disabled=\"false\" class=\"elementor-section elementor-top-section elementor-element elementor-element-112dcb5 elementor-section-full_width elementor-section-stretched elementor-section-height-default elementor-section-height-default\" data-id=\"112dcb5\" data-element_type=\"section\" data-e-type=\"section\" data-settings=\"{&quot;stretch_section&quot;:&quot;section-stretched&quot;,&quot;background_background&quot;:&quot;gradient&quot;}\">\n\t\t\t\t\t\t<div class=\"elementor-container elementor-column-gap-default\">\n\t\t\t\t\t<div class=\"elementor-column elementor-col-100 elementor-top-column elementor-element elementor-element-4288169 elementor-invisible\" data-id=\"4288169\" data-element_type=\"column\" data-e-type=\"column\" data-settings=\"{&quot;animation&quot;:&quot;fadeIn&quot;,&quot;animation_delay&quot;:0}\">\n\t\t\t<div class=\"elementor-widget-wrap elementor-element-populated\">\n\t\t\t\t\t\t<div class=\"elementor-element elementor-element-8b7e818 elementor-widget elementor-widget-spacer\" data-id=\"8b7e818\" data-element_type=\"widget\" data-e-type=\"widget\" data-widget_type=\"spacer.default\">\n\t\t\t\t<div class=\"elementor-widget-container\">\n\t\t\t\t\t\t\t<div class=\"elementor-spacer\">\n\t\t\t<div class=\"elementor-spacer-inner\"><\/div>\n\t\t<\/div>\n\t\t\t\t\t\t<\/div>\n\t\t\t\t<\/div>\n\t\t\t\t<section data-particle_enable=\"false\" data-particle-mobile-disabled=\"false\" class=\"elementor-section elementor-inner-section elementor-element elementor-element-132af02 elementor-section-boxed elementor-section-height-default elementor-section-height-default\" data-id=\"132af02\" data-element_type=\"section\" data-e-type=\"section\">\n\t\t\t\t\t\t<div class=\"elementor-container elementor-column-gap-default\">\n\t\t\t\t\t<div class=\"elementor-column elementor-col-100 elementor-inner-column elementor-element elementor-element-c3ca629\" data-id=\"c3ca629\" data-element_type=\"column\" data-e-type=\"column\">\n\t\t\t<div class=\"elementor-widget-wrap elementor-element-populated\">\n\t\t\t\t\t\t<div class=\"elementor-element elementor-element-a82ff18 elementor-invisible elementor-widget elementor-widget-heading\" data-id=\"a82ff18\" data-element_type=\"widget\" data-e-type=\"widget\" data-settings=\"{&quot;_animation&quot;:&quot;bounceIn&quot;}\" data-widget_type=\"heading.default\">\n\t\t\t\t<div class=\"elementor-widget-container\">\n\t\t\t\t\t<h2 class=\"elementor-heading-title elementor-size-default\">POL\u00cdTICA DE COOKIES<\/h2>\t\t\t\t<\/div>\n\t\t\t\t<\/div>\n\t\t\t\t<div class=\"elementor-element elementor-element-27ff897 elementor-widget elementor-widget-text-editor\" data-id=\"27ff897\" data-element_type=\"widget\" data-e-type=\"widget\" data-widget_type=\"text-editor.default\">\n\t\t\t\t<div class=\"elementor-widget-container\">\n\t\t\t\t\t\t\t\t\t<p>Unha cookie \u00e9 un ficheiro que se descarga no seu computador ao acceder a determinadas p\u00e1xinas web. As cookies permiten \u00e1s p\u00e1xinas web, entre outras cousas, almacenar e recuperar informaci\u00f3n sobre os h\u00e1bitos de navegaci\u00f3n dun usuario ou do seu equipo e, dependendo da informaci\u00f3n que conte\u00f1an e da forma en que utilice o seu equipo, poden utilizarse para reco\u00f1ecer ao usuario.<\/p><h3>Que tipo de cookies existen?<\/h3><p><strong>SEGUNDO A ENTIDADE QUE A XESTIONA:<\/strong><\/p><ul><li><strong>Cookies propias (T\u00e9cnicas\/funcionais)<\/strong><br>Son aquelas que se env\u00edan ao seu equipo desde os nosos propios equipos ou dominios e desde o que prestamos o servizo que nos solicita.<br>A lexitimaci\u00f3n para o uso das cookies estritamente t\u00e9cnicas\/funcionais, v\u00e9n dada porque o tratamento \u00e9 necesario para o cumprimento dunha obrigaci\u00f3n legal conforme \u00e1 Lei 34\/2002 Lei de Servizos da Informaci\u00f3n e de Comercio Electr\u00f3nico.<\/li><li><strong>Cookies de terceiros<\/strong><br>Son aquelas que se env\u00edan ao seu equipo desde un equipo ou dominio que non \u00e9 xestionado por n\u00f3s, sen\u00f3n por outra entidade colaboradora. Como, por exemplo, as usadas por redes sociais, ou por contido externo como pode ser Google Maps, entre outros.<br>A lexitimaci\u00f3n para o uso das cookies con fins anal\u00edticos de optimizaci\u00f3n de personalizaci\u00f3n de publicidade comportamental e valoraci\u00f3n, as\u00ed como todas as existentes que se consideren de terceiros, est\u00e1 baseada no consentimento que se solicita, conforme ao Artigo 6.1.a) do Regulamento (UE) 2017\/679.<\/li><\/ul>\t\t\t\t\t\t\t\t<\/div>\n\t\t\t\t<\/div>\n\t\t\t\t\t<\/div>\n\t\t<\/div>\n\t\t\t\t\t<\/div>\n\t\t<\/section>\n\t\t\t\t\t<\/div>\n\t\t<\/div>\n\t\t\t\t\t<\/div>\n\t\t<\/section>\n\t\t\t\t<section data-particle_enable=\"false\" data-particle-mobile-disabled=\"false\" class=\"elementor-section elementor-top-section elementor-element elementor-element-b7bd197 elementor-section-stretched elementor-section-boxed elementor-section-height-default elementor-section-height-default\" data-id=\"b7bd197\" data-element_type=\"section\" data-e-type=\"section\" data-settings=\"{&quot;background_background&quot;:&quot;classic&quot;,&quot;stretch_section&quot;:&quot;section-stretched&quot;,&quot;shape_divider_top&quot;:&quot;triangle-asymmetrical&quot;,&quot;shape_divider_top_negative&quot;:&quot;yes&quot;,&quot;animation&quot;:&quot;none&quot;}\">\n\t\t\t\t\t<div class=\"elementor-shape elementor-shape-top\" aria-hidden=\"true\" data-negative=\"true\">\n\t\t\t<svg xmlns=\"http:\/\/www.w3.org\/2000\/svg\" viewBox=\"0 0 1000 100\" preserveAspectRatio=\"none\">\n\t<path class=\"elementor-shape-fill\" d=\"M737.9,94.7L0,0v100h1000V0L737.9,94.7z\"\/>\n<\/svg>\t\t<\/div>\n\t\t\t\t\t<div class=\"elementor-container elementor-column-gap-default\">\n\t\t\t\t\t<div class=\"elementor-column elementor-col-100 elementor-top-column elementor-element elementor-element-77d0270\" data-id=\"77d0270\" data-element_type=\"column\" data-e-type=\"column\" data-settings=\"{&quot;animation&quot;:&quot;none&quot;}\">\n\t\t\t<div class=\"elementor-widget-wrap elementor-element-populated\">\n\t\t\t\t\t\t<section data-particle_enable=\"false\" data-particle-mobile-disabled=\"false\" class=\"elementor-section elementor-inner-section elementor-element elementor-element-02c8f6a elementor-section-boxed elementor-section-height-default elementor-section-height-default\" data-id=\"02c8f6a\" data-element_type=\"section\" data-e-type=\"section\">\n\t\t\t\t\t\t<div class=\"elementor-container elementor-column-gap-default\">\n\t\t\t\t\t<div class=\"elementor-column elementor-col-100 elementor-inner-column elementor-element elementor-element-fd6a02f\" data-id=\"fd6a02f\" data-element_type=\"column\" data-e-type=\"column\">\n\t\t\t<div class=\"elementor-widget-wrap elementor-element-populated\">\n\t\t\t\t\t\t<div class=\"elementor-element elementor-element-a5b2eab elementor-widget elementor-widget-text-editor\" data-id=\"a5b2eab\" data-element_type=\"widget\" data-e-type=\"widget\" data-widget_type=\"text-editor.default\">\n\t\t\t\t<div class=\"elementor-widget-container\">\n\t\t\t\t\t\t\t\t\t<p><strong>SEGUNDO O PRAZO DE TEMPO QUE PERMANECEN ACTIVAS (TIPO):<\/strong><\/p><ul><li><strong>Cookies de sesi\u00f3n<\/strong><br>Son cookies temporais que permanecen no arquivo de cookies do seu navegador ata que abandona a p\u00e1xina web, polo que ningunha queda rexistrada no disco duro do seu computador. A informaci\u00f3n obtida por medio destas cookies, serven para analizar pautas de tr\u00e1fico na web. A longo prazo, isto perm\u00edtenos proporcionar unha mellor experiencia para mellorar o contido e facilitar o seu uso.<\/li><li><strong>Cookies persistentes<\/strong><br>Son almacenadas no disco duro e a nosa web leas cada vez que realiza unha nova visita. Unha web permanente pos\u00fae unha data de expiraci\u00f3n determinada. A cookie deixar\u00e1 de funcionar despois desa data. Estas cookies utiliz\u00e1molas, xeralmente, para facilitar os servizos de compra e rexistro.<p><strong>As cookies usadas pola nosa web son:<\/strong><br>Cookies t\u00e9cnicas: Son aquelas que permiten ao usuario a navegaci\u00f3n a trav\u00e9s dunha p\u00e1xina web, plataforma ou aplicaci\u00f3n e a utilizaci\u00f3n das diferentes opci\u00f3ns ou servizos que nela existan como, por exemplo, controlar o tr\u00e1fico e a comunicaci\u00f3n de datos, identificar a sesi\u00f3n, acceder a partes de acceso restrinxido, lembrar os elementos que integran un pedido, realizar o proceso de compra dun pedido, realizar a solicitude de inscrici\u00f3n ou participaci\u00f3n nun evento, utilizar elementos de seguridade durante a navegaci\u00f3n, almacenar contidos para a difusi\u00f3n de v\u00eddeos ou son ou compartir contidos a trav\u00e9s de redes sociais.<\/p><p><strong>COMO DENEGAR, REVOGAR O CONSENTIMENTO DE COOKIES OU ELIMINALAS<\/strong><br>As cookies poden bloquearse ou eliminarse mediante a configuraci\u00f3n do navegador. Nas seguintes ligaz\u00f3ns det\u00e1llase como facelo en cada un dos navegadores m\u00e1is utilizados.<br>C\u00f3mo administrar cookies en <a href=\"https:\/\/support.google.com\/chrome\/answer\/95647?hl=es\" target=\"_blank\" rel=\"noopener\">Google Chrome<\/a><br>C\u00f3mo administrar cookies en <a href=\"https:\/\/support.microsoft.com\/es-es\/windows\/eliminar-y-administrar-cookies-168dab11-0753-043d-7c16-ede5947fc64d\" target=\"_blank\" rel=\"noopener\">Microsoft Internet Explorer<\/a><br>C\u00f3mo administrar cookies en <a href=\"https:\/\/support.microsoft.com\/es-es\/microsoft-edge\/eliminar-las-cookies-en-microsoft-edge-63947406-40ac-c3b8-57b9-2a946a29ae09\" target=\"_blank\" rel=\"noopener\">Microsoft Edge<\/a><br>C\u00f3mo administrar cookies en <a href=\"https:\/\/support.mozilla.org\/es\/kb\/habilitar-y-deshabilitar-cookies-sitios-web-rastrear-preferencias?s=cookie&amp;r=1&amp;e=es&amp;as=s7&amp;redirectslug=Habilitar+y+deshabilitar+cookies&amp;redirectlocale=es\" target=\"_blank\" rel=\"noopener\">Mozilla FireFox<\/a><br>C\u00f3mo administrar cookies en <a href=\"http:\/\/safari.helpmax.net\/es\/privacidad-y-seguridad\/como-gestionar-las-cookies\/\" target=\"_blank\" rel=\"noopener\">Apple Safari<\/a><\/p><\/li><\/ul>\t\t\t\t\t\t\t\t<\/div>\n\t\t\t\t<\/div>\n\t\t\t\t\t<\/div>\n\t\t<\/div>\n\t\t\t\t\t<\/div>\n\t\t<\/section>\n\t\t\t\t<div class=\"elementor-element elementor-element-25eb889 elementor-widget elementor-widget-spacer\" data-id=\"25eb889\" data-element_type=\"widget\" data-e-type=\"widget\" data-widget_type=\"spacer.default\">\n\t\t\t\t<div class=\"elementor-widget-container\">\n\t\t\t\t\t\t\t<div class=\"elementor-spacer\">\n\t\t\t<div class=\"elementor-spacer-inner\"><\/div>\n\t\t<\/div>\n\t\t\t\t\t\t<\/div>\n\t\t\t\t<\/div>\n\t\t\t\t\t<\/div>\n\t\t<\/div>\n\t\t\t\t\t<\/div>\n\t\t<\/section>\n\t\t\t\t<\/div>\n\t\t","protected":false},"excerpt":{"rendered":"<p>POL\u00cdTICA DE COOKIES Unha cookie \u00e9 un ficheiro que se descarga no seu computador ao acceder a determinadas p\u00e1xinas web&#8230;.<\/p>\n","protected":false},"author":1,"featured_media":0,"parent":0,"menu_order":0,"comment_status":"closed","ping_status":"closed","template":"","meta":{"_acf_changed":false,"inline_featured_image":false,"_joinchat":[],"footnotes":""},"class_list":["post-5687","page","type-page","status-publish","hentry"],"acf":[],"_links":{"self":[{"href":"https:\/\/srlence.com\/gl\/wp-json\/wp\/v2\/pages\/5687","targetHints":{"allow":["GET"]}}],"collection":[{"href":"https:\/\/srlence.com\/gl\/wp-json\/wp\/v2\/pages"}],"about":[{"href":"https:\/\/srlence.com\/gl\/wp-json\/wp\/v2\/types\/page"}],"author":[{"embeddable":true,"href":"https:\/\/srlence.com\/gl\/wp-json\/wp\/v2\/users\/1"}],"replies":[{"embeddable":true,"href":"https:\/\/srlence.com\/gl\/wp-json\/wp\/v2\/comments?post=5687"}],"version-history":[{"count":1,"href":"https:\/\/srlence.com\/gl\/wp-json\/wp\/v2\/pages\/5687\/revisions"}],"predecessor-version":[{"id":5689,"href":"https:\/\/srlence.com\/gl\/wp-json\/wp\/v2\/pages\/5687\/revisions\/5689"}],"wp:attachment":[{"href":"https:\/\/srlence.com\/gl\/wp-json\/wp\/v2\/media?parent=5687"}],"curies":[{"name":"wp","href":"https:\/\/api.w.org\/{rel}","templated":true}]}}